{"id":2034,"date":"2023-01-16T12:48:17","date_gmt":"2023-01-16T12:48:17","guid":{"rendered":"https:\/\/www.carda.si\/eventraum\/"},"modified":"2023-02-02T11:48:41","modified_gmt":"2023-02-02T11:48:41","slug":"eventraum","status":"publish","type":"page","link":"https:\/\/www.carda.si\/de\/eventraum\/","title":{"rendered":"Eventraum"},"content":{"rendered":"<p>[vc_row full_width=&#8220;stretch_row&#8220; equal_height=&#8220;yes&#8220; content_placement=&#8220;top&#8220; overlay_color=&#8220;rgba(0,0,0,0.01)&#8220; css=&#8220;.vc_custom_1496041705059{padding-top: 120px !important;}&#8220;][vc_column]<div class=\"text-left reda-page-header id_169f331a7b9017100957059 animate-text  \"><div class=\"reda-header  header-color\" style=\"color: ;\"><\/div><\/div>\n<h1><span style=\"font-size: 140px;\">Eventraum<\/span><\/h1>\n<div class=\"custom-styles\" data-styles=\" .reda-page-header.id_169f331a7b9017100957059 .header-underline:after { background-color: ; }\"><\/div>[vc_row_inner][vc_column_inner width=&#8220;1\/2&#8243;][vc_empty_space height=&#8220;60&#8243; height2=&#8220;30&#8243;]<div class=\"text-left reda-page-header id_169f331a7b905f22074673 animate-text   vc_custom_1675338455840\"><div class=\"reda-header  header-color\" style=\"color: ;\"><\/div><\/div>\n<h3><span style=\"line-height: 1.8em;\">Unser gr\u00f6\u00dfter Saal ist der Event- und Partyraum, der bis zu 200 Personen Platz bietet. Die genaue Anzahl der G\u00e4ste h\u00e4ngt aber vom Veranstaltungstyp und der Tischaufstellung ab.<\/span><\/h3>\n<div class=\"custom-styles\" data-styles=\" .reda-page-header.id_169f331a7b905f22074673 .header-underline:after { background-color: ; }\"><\/div>[\/vc_column_inner][vc_column_inner width=&#8220;1\/2&#8243;][vc_empty_space height=&#8220;60&#8243; height2=&#8220;30&#8243;][vc_column_text css=&#8220;.vc_custom_1675338465540{margin-top: 0px !important;margin-left: 60px !important;}&#8220;]F\u00fcr jede Gruppe wird ein ma\u00dfgeschneidertes Angebot erstellt, so dass jede Veranstaltung in unserem Saal zu einem einzigartigen und einmaligen Erlebnis wird.[\/vc_column_text][\/vc_column_inner][\/vc_row_inner][vc_empty_space height=&#8220;90px&#8220; height2=&#8220;30&#8243;][\/vc_column][\/vc_row][vc_row full_width=&#8220;stretch_row_content_no_spaces&#8220; gap=&#8220;yes&#8220; equal_height=&#8220;yes&#8220; content_placement=&#8220;middle&#8220; parallax_image=&#8220;1358&#8243; overlay_color=&#8220;rgba(0,0,0,0.01)&#8220; el_class=&#8220;reset-padding&#8220;][vc_column width=&#8220;1\/3&#8243; css=&#8220;.vc_custom_1496055624346{background-color: #f5f5f5 !important;}&#8220;][vc_single_image image=&#8220;1710&#8243; img_size=&#8220;large&#8220; el_class=&#8220;hide-for-large&#8220; css=&#8220;.vc_custom_1620854565706{margin-bottom: 0px !important;}&#8220;][vc_empty_space height=&#8220;120px&#8220; height2=&#8220;0&#8243;]<div class=\" vc_custom_1675338514162 call-to-action cta-sm\"><div class=\"page-bg-color id_169f331a7b90c41143684771 element-cta \" style=\"background: #ffffff\">\n\t\t\t\t\t<div class=\"cta-content animate-text loaded-text\" style=\"padding: 60px 60px\">\n\t\t\t\t\t\t<div class=\"content\"><p class=\"reda-header-top\" style=\"margin-bottom: 5px;\"><span style=\"color: #ac8b51;\">GEBURTSTAGE, KOMMUNION, KONFIRMATION ODER JUBIL\u00c4UMSFEIER<\/span><\/p>\n<h3>Hochzeiten<\/h3><p>Die meisten Samstage in unserem Veranstaltungssaal sind f\u00fcr Hochzeitsfeier oder gesellschaftliche Anl\u00e4sse (z.B. Valentinstag, St. Martinsfest, Silvesterabend), pers\u00f6nliche Feier (z.B. Geburtstage, Jubil\u00e4en) und Familienfeiern (z.B. Kommunion, Konfirmation, Firmung) reserviert.<\/p>\n<\/div>\n\t\t\t\t\t\t\n\t\t\t\t\t<\/div>\n\t\t\t\t<\/div><\/div>\n\n\t\t<div class=\"custom-styles\" data-styles=\"\n\t\t\t.id_169f331a7b90c41143684771.element-cta h1, .id_169f331a7b90c41143684771.element-cta h2, .id_169f331a7b90c41143684771.element-cta h3, .id_169f331a7b90c41143684771.element-cta h4, .id_169f331a7b90c41143684771.element-cta h5, .id_169f331a7b90c41143684771.element-cta h6 { color: ; }\n\t\t\t.id_169f331a7b90c41143684771.element-cta p, .id_169f331a7b90c41143684771.element-cta li { color: ; }\n\t\t\t.id_169f331a7b90c41143684771.element-cta.page-bg-color { background-color: #ffffff; }\n\t\t\t.id_169f331a7b90c41143684771.element-cta .reda-header-top { color: ; }\n\t\t\t.id_169f331a7b90c41143684771.element-cta .btn-solid.btn-accent, .id_169f331a7b90c41143684771 .btn-border.btn-accent:hover { background: ; }\n\t\t\t.id_169f331a7b90c41143684771.element-cta .btn-accent { border-color: ; }\n\t\t\t.id_169f331a7b90c41143684771.element-cta .btn-border.btn-accent .btn-text { color: ; }\n\t\t\t.id_169f331a7b90c41143684771.element-cta .btn-border.btn-accent:hover .btn-text { color: #ffffff; } \n\t\t\t\"><\/div>[vc_empty_space height=&#8220;120px&#8220; height2=&#8220;0&#8243;][\/vc_column][vc_column width=&#8220;2\/3&#8243; css=&#8220;.vc_custom_1496052126823{background-position: center !important;background-repeat: no-repeat !important;background-size: cover !important;}&#8220;][\/vc_column][\/vc_row][vc_row full_width=&#8220;stretch_row_content_no_spaces&#8220; gap=&#8220;yes&#8220; equal_height=&#8220;yes&#8220; content_placement=&#8220;middle&#8220; parallax_image=&#8220;1390&#8243; overlay_color=&#8220;rgba(0,0,0,0.01)&#8220; css=&#8220;.vc_custom_1620854502393{margin-top: 0px !important;margin-bottom: 0px !important;padding-top: 0px !important;padding-bottom: 0px !important;}&#8220; el_class=&#8220;reset-padding&#8220;][vc_column width=&#8220;2\/3&#8243; css=&#8220;.vc_custom_1496052126823{background-position: center !important;background-repeat: no-repeat !important;background-size: cover !important;}&#8220;][\/vc_column][vc_column width=&#8220;1\/3&#8243; css=&#8220;.vc_custom_1496055533970{background-color: #f5f5f5 !important;}&#8220;][vc_single_image image=&#8220;1720&#8243; img_size=&#8220;large&#8220; el_class=&#8220;hide-for-large&#8220; css=&#8220;.vc_custom_1620854591653{margin-bottom: 0px !important;}&#8220;][vc_empty_space height=&#8220;120px&#8220; height2=&#8220;0&#8243;]<div class=\" vc_custom_1673894936012 call-to-action cta-sm\"><div class=\"page-bg-color id_169f331a7b93341788034437 element-cta \" style=\"background: #ffffff\">\n\t\t\t\t\t<div class=\"cta-content animate-text loaded-text\" style=\"padding: 60px 60px\">\n\t\t\t\t\t\t<div class=\"content\"><p class=\"reda-header-top\" style=\"margin-bottom: 5px;\"><span style=\"color: #ac8b51;\">Vorlesungen, Seminare<\/span><\/p>\n<h3>Kongress-Veranstaltungen<\/h3><p>Wir organisieren auch Gesch\u00e4ftstreffen (Kongresse, Seminare, Vortr\u00e4ge, Ausbildungen) mit Verpflegung (Kaffeepause, Snacks, Mittagessen und Abendessen).<\/p>\n<\/div>\n\t\t\t\t\t\t\n\t\t\t\t\t<\/div>\n\t\t\t\t<\/div><\/div>\n\n\t\t<div class=\"custom-styles\" data-styles=\"\n\t\t\t.id_169f331a7b93341788034437.element-cta h1, .id_169f331a7b93341788034437.element-cta h2, .id_169f331a7b93341788034437.element-cta h3, .id_169f331a7b93341788034437.element-cta h4, .id_169f331a7b93341788034437.element-cta h5, .id_169f331a7b93341788034437.element-cta h6 { color: ; }\n\t\t\t.id_169f331a7b93341788034437.element-cta p, .id_169f331a7b93341788034437.element-cta li { color: ; }\n\t\t\t.id_169f331a7b93341788034437.element-cta.page-bg-color { background-color: #ffffff; }\n\t\t\t.id_169f331a7b93341788034437.element-cta .reda-header-top { color: ; }\n\t\t\t.id_169f331a7b93341788034437.element-cta .btn-solid.btn-accent, .id_169f331a7b93341788034437 .btn-border.btn-accent:hover { background: ; }\n\t\t\t.id_169f331a7b93341788034437.element-cta .btn-accent { border-color: ; }\n\t\t\t.id_169f331a7b93341788034437.element-cta .btn-border.btn-accent .btn-text { color: ; }\n\t\t\t.id_169f331a7b93341788034437.element-cta .btn-border.btn-accent:hover .btn-text { color: #ffffff; } \n\t\t\t\"><\/div>[vc_empty_space height=&#8220;120px&#8220; height2=&#8220;0&#8243;][\/vc_column][\/vc_row][vc_row full_width=&#8220;stretch_row_content_no_spaces&#8220; gap=&#8220;yes&#8220; equal_height=&#8220;yes&#8220; content_placement=&#8220;middle&#8220; parallax_image=&#8220;1754&#8243; overlay_color=&#8220;rgba(0,0,0,0.01)&#8220; el_class=&#8220;reset-padding&#8220;][vc_column width=&#8220;1\/3&#8243; css=&#8220;.vc_custom_1496055624346{background-color: #f5f5f5 !important;}&#8220;][vc_single_image image=&#8220;1754&#8243; img_size=&#8220;large&#8220; el_class=&#8220;hide-for-large&#8220; css=&#8220;.vc_custom_1618253060774{margin-bottom: 0px !important;}&#8220;][vc_empty_space height=&#8220;120px&#8220; height2=&#8220;0&#8243;]<div class=\" vc_custom_1673894951573 call-to-action cta-sm\"><div class=\"page-bg-color id_169f331a7b93cb1275749214 element-cta \" style=\"background: #ffffff\">\n\t\t\t\t\t<div class=\"cta-content animate-text loaded-text\" style=\"padding: 60px 60px\">\n\t\t\t\t\t\t<div class=\"content\"><p class=\"reda-header-top\" style=\"margin-bottom: 5px;\"><span style=\"color: #ac8b51;\">Jahresabschlussfeier<\/span><\/p>\n<h3>Jahresabschlussfeier<\/h3><p>Im Dezember finden Freitags und Samstags bei und die Jahresabschlussfeier statt. Dabei k\u00fcmmern wir uns nicht nur um das Essen und die Getr\u00e4nke, sondern nach Bedarf auch um Live-Musik.<\/p>\n<\/div>\n\t\t\t\t\t\t\n\t\t\t\t\t<\/div>\n\t\t\t\t<\/div><\/div>\n\n\t\t<div class=\"custom-styles\" data-styles=\"\n\t\t\t.id_169f331a7b93cb1275749214.element-cta h1, .id_169f331a7b93cb1275749214.element-cta h2, .id_169f331a7b93cb1275749214.element-cta h3, .id_169f331a7b93cb1275749214.element-cta h4, .id_169f331a7b93cb1275749214.element-cta h5, .id_169f331a7b93cb1275749214.element-cta h6 { color: ; }\n\t\t\t.id_169f331a7b93cb1275749214.element-cta p, .id_169f331a7b93cb1275749214.element-cta li { color: ; }\n\t\t\t.id_169f331a7b93cb1275749214.element-cta.page-bg-color { background-color: #ffffff; }\n\t\t\t.id_169f331a7b93cb1275749214.element-cta .reda-header-top { color: ; }\n\t\t\t.id_169f331a7b93cb1275749214.element-cta .btn-solid.btn-accent, .id_169f331a7b93cb1275749214 .btn-border.btn-accent:hover { background: ; }\n\t\t\t.id_169f331a7b93cb1275749214.element-cta .btn-accent { border-color: ; }\n\t\t\t.id_169f331a7b93cb1275749214.element-cta .btn-border.btn-accent .btn-text { color: ; }\n\t\t\t.id_169f331a7b93cb1275749214.element-cta .btn-border.btn-accent:hover .btn-text { color: #ffffff; } \n\t\t\t\"><\/div>[vc_empty_space height=&#8220;120px&#8220; height2=&#8220;0&#8243;][\/vc_column][vc_column width=&#8220;2\/3&#8243; css=&#8220;.vc_custom_1496052126823{background-position: center !important;background-repeat: no-repeat !important;background-size: cover !important;}&#8220;][\/vc_column][\/vc_row][vc_row][vc_column][vc_empty_space height=&#8220;120px&#8220; height2=&#8220;30&#8243;][\/vc_column][\/vc_row]<\/p>","protected":false},"excerpt":{"rendered":"<p>[vc_row full_width=&#8220;stretch_row&#8220; equal_height=&#8220;yes&#8220; content_placement=&#8220;top&#8220; overlay_color=&#8220;rgba(0,0,0,0.01)&#8220; css=&#8220;.vc_custom_1496041705059{padding-top: 120px !important;}&#8220;][vc_column][vc_row_inner][vc_column_inner width=&#8220;1\/2&#8243;][vc_empty_space height=&#8220;60&#8243; height2=&#8220;30&#8243;][\/vc_column_inner][vc_column_inner width=&#8220;1\/2&#8243;][vc_empty_space height=&#8220;60&#8243; height2=&#8220;30&#8243;][vc_column_text css=&#8220;.vc_custom_1675338465540{margin-top: 0px !important;margin-left: 60px !important;}&#8220;]F\u00fcr jede Gruppe wird ein ma\u00dfgeschneidertes Angebot erstellt, so dass jede Veranstaltung in unserem Saal zu einem einzigartigen und einmaligen Erlebnis wird.[\/vc_column_text][\/vc_column_inner][\/vc_row_inner][vc_empty_space height=&#8220;90px&#8220; height2=&#8220;30&#8243;][\/vc_column][\/vc_row][vc_row full_width=&#8220;stretch_row_content_no_spaces&#8220; gap=&#8220;yes&#8220; equal_height=&#8220;yes&#8220; content_placement=&#8220;middle&#8220; parallax_image=&#8220;1358&#8243; overlay_color=&#8220;rgba(0,0,0,0.01)&#8220; el_class=&#8220;reset-padding&#8220;][vc_column width=&#8220;1\/3&#8243; css=&#8220;.vc_custom_1496055624346{background-color: #f5f5f5 !important;}&#8220;][vc_single_image image=&#8220;1710&#8243; img_size=&#8220;large&#8220; [&hellip;]<\/p>\n","protected":false},"author":1,"featured_media":0,"parent":0,"menu_order":4,"comment_status":"closed","ping_status":"closed","template":"","meta":{"_monsterinsights_skip_tracking":false,"_monsterinsights_sitenote_active":false,"_monsterinsights_sitenote_note":"","_monsterinsights_sitenote_category":0,"footnotes":""},"_links":{"self":[{"href":"https:\/\/www.carda.si\/de\/wp-json\/wp\/v2\/pages\/2034"}],"collection":[{"href":"https:\/\/www.carda.si\/de\/wp-json\/wp\/v2\/pages"}],"about":[{"href":"https:\/\/www.carda.si\/de\/wp-json\/wp\/v2\/types\/page"}],"author":[{"embeddable":true,"href":"https:\/\/www.carda.si\/de\/wp-json\/wp\/v2\/users\/1"}],"replies":[{"embeddable":true,"href":"https:\/\/www.carda.si\/de\/wp-json\/wp\/v2\/comments?post=2034"}],"version-history":[{"count":5,"href":"https:\/\/www.carda.si\/de\/wp-json\/wp\/v2\/pages\/2034\/revisions"}],"predecessor-version":[{"id":2120,"href":"https:\/\/www.carda.si\/de\/wp-json\/wp\/v2\/pages\/2034\/revisions\/2120"}],"wp:attachment":[{"href":"https:\/\/www.carda.si\/de\/wp-json\/wp\/v2\/media?parent=2034"}],"curies":[{"name":"wp","href":"https:\/\/api.w.org\/{rel}","templated":true}]}}