{"id":2072,"date":"2023-01-16T13:06:35","date_gmt":"2023-01-16T13:06:35","guid":{"rendered":"https:\/\/www.carda.si\/ausfluege\/"},"modified":"2023-02-02T11:51:35","modified_gmt":"2023-02-02T11:51:35","slug":"ausfluege","status":"publish","type":"page","link":"https:\/\/www.carda.si\/de\/ausfluege\/","title":{"rendered":"Ausfl\u00fcge"},"content":{"rendered":"<p>[vc_row full_width=&#8220;stretch_row&#8220; equal_height=&#8220;yes&#8220; content_placement=&#8220;top&#8220; overlay_color=&#8220;rgba(0,0,0,0.01)&#8220; css=&#8220;.vc_custom_1496041705059{padding-top: 120px !important;}&#8220;][vc_column]<div class=\"text-left reda-page-header id_169e5e08f0fa4c1142482763 animate-text  \"><div class=\"reda-header  header-color\" style=\"color: ;\"><\/div><\/div>\n<h1><span style=\"font-size: 120px;\">Erforschen Sie das \u00dcbermurgebiet<\/span><\/h1>\n<div class=\"custom-styles\" data-styles=\" .reda-page-header.id_169e5e08f0fa4c1142482763 .header-underline:after { background-color: ; }\"><\/div>[vc_row_inner][vc_column_inner width=&#8220;1\/2&#8243;][vc_empty_space height=&#8220;60&#8243; height2=&#8220;30&#8243;]<div class=\"text-left reda-page-header id_169e5e08f0fab3955632061 animate-text   vc_custom_1675338546041\"><div class=\"reda-header  header-color\" style=\"color: ;\"><\/div><\/div>\n<h3><span style=\"line-height: 1.8em;\">Von unserem \u00abNest\u00bb aus k\u00f6nnen so die St\u00f6rche wie auch unsere G\u00e4ste alle Ecken des \u00dcbermurgebiets schnell und einfach erreichen und erforschen.<\/span><\/h3>\n<div class=\"custom-styles\" data-styles=\" .reda-page-header.id_169e5e08f0fab3955632061 .header-underline:after { background-color: ; }\"><\/div>[\/vc_column_inner][vc_column_inner width=&#8220;1\/2&#8243;][vc_empty_space height=&#8220;60&#8243; height2=&#8220;30&#8243;][vc_column_text css=&#8220;.vc_custom_1675338555047{margin-top: 0px !important;margin-left: 60px !important;}&#8220;]\u010carda ist der ideale Ausgangspunkt f\u00fcr Ausfl\u00fcge, wundersch\u00f6ne Abenteuer und Erkundungen des \u00dcbermurgebiets. In der Region finden Sie erholsame Wanderwege sowie einzigartige und leicht zu befahrene Radwege, die alle auch mit dem Auto erreichbar sind. Hier sind einige unserer Lieblings-Wege und -Strecken: [\/vc_column_text][\/vc_column_inner][\/vc_row_inner][vc_empty_space height=&#8220;90px&#8220; height2=&#8220;30&#8243;][\/vc_column][\/vc_row][vc_row full_width=&#8220;stretch_row&#8220; gap=&#8220;yes&#8220; equal_height=&#8220;yes&#8220; overlay_color=&#8220;rgba(0,0,0,0.01)&#8220;][vc_column width=&#8220;1\/2&#8243; css=&#8220;.vc_custom_1495805682897{padding-top: 60px !important;padding-right: 60px !important;padding-bottom: 30px !important;padding-left: 60px !important;background-color: #ffffff !important;}&#8220;][vc_single_image image=&#8220;2073&#8243; img_size=&#8220;large&#8220; el_class=&#8220;hide-for-large&#8220;]<div class=\"text-left reda-page-header id_169e5e08f0fad9760703756 animate-text  \"><div class=\"reda-header  header-color\" style=\"color: ;\"><\/div><\/div>\n<h3>POT PO RAVENSKEM \u2013 Ein Flachlandweg, der nach Murska Sobota und Moravske Toplice f\u00fchrt<\/h3>\n<div class=\"custom-styles\" data-styles=\" .reda-page-header.id_169e5e08f0fad9760703756 .header-underline:after { background-color: ; }\"><\/div>[vc_empty_space height=&#8220;30px&#8220; height2=&#8220;30&#8243;][vc_column_text]<\/p>\n<ul>\n<li>Murska Sobota (Expano Pavillon \u2013 Tor zum \u00dcbermurgebiet)<\/li>\n<li>Murska Sobota (Stadtzentrum, Park, Schloss, Regionalmuseum)<\/li>\n<li>Marki\u0161avci (\u0160unkarna Kodila \u2013 Restaurant und Metzgerei)<\/li>\n<li>Martjanci (Kirche des Heiligen Martin)<\/li>\n<li>Raki\u010dan (RIS \u2013 Schloss Raki\u010dan mit Reitzentrum)<\/li>\n<li>Moravske Toplice (Terme Vivat, Terme 3000 \u2013 Thermalb\u00e4der und Hotels)<\/li>\n<li>Moravske Toplice (Hi\u0161a Tara \u2013 Gasthaus mit Schokoladenfabrik)<\/li>\n<li>Te\u0161anovci (Gutshof Spatz)<\/li>\n<li>Bogojina (Kirche der Himmelfahrt des Herren &#8211; \u00abdie weisse Taube\u00bb \u2013 ein Werk des ber\u00fchmten slowenischen Architekten Jo\u017ee Ple\u010dnik)<\/li>\n<li>Strehovci (Energiepark am See Bukovnica und die Vid-Quelle)<\/li>\n<li>Dobrovnik (Ocean Orchids \u2013 tropischer Orchideengarten)<\/li>\n<\/ul>\n<p>[\/vc_column_text][\/vc_column][vc_column width=&#8220;1\/2&#8243; css=&#8220;.vc_custom_1620857339409{background-image: url(http:\/\/www.carda.si\/wp-content\/uploads\/2021\/03\/expano.jpg?id=1729) !important;background-position: center !important;background-repeat: no-repeat !important;background-size: cover !important;}&#8220; offset=&#8220;vc_hidden-xs&#8220;][\/vc_column][\/vc_row][vc_row full_width=&#8220;stretch_row&#8220; gap=&#8220;yes&#8220; equal_height=&#8220;yes&#8220; overlay_color=&#8220;rgba(0,0,0,0.01)&#8220;][vc_column width=&#8220;1\/2&#8243; css=&#8220;.vc_custom_1620857396844{background-image: url(http:\/\/www.carda.si\/wp-content\/uploads\/2021\/03\/otok-ljubezni.jpg?id=1730) !important;background-position: center !important;background-repeat: no-repeat !important;background-size: cover !important;}&#8220; offset=&#8220;vc_hidden-xs&#8220;][\/vc_column][vc_column width=&#8220;1\/2&#8243; css=&#8220;.vc_custom_1495805682897{padding-top: 60px !important;padding-right: 60px !important;padding-bottom: 30px !important;padding-left: 60px !important;background-color: #ffffff !important;}&#8220;][vc_single_image image=&#8220;2074&#8243; img_size=&#8220;large&#8220; el_class=&#8220;hide-for-large&#8220;]<div class=\"text-left reda-page-header id_169e5e08f0faf91833547173 animate-text  \"><div class=\"reda-header  header-color\" style=\"color: ;\"><\/div><\/div>\n<h3>POT PO DOLINSKEM (Markovskem) \u2013 Talweg zur Mur und der slowenisch-kroatischen Grenze<\/h3>\n<div class=\"custom-styles\" data-styles=\" .reda-page-header.id_169e5e08f0faf91833547173 .header-underline:after { background-color: ; }\"><\/div>[vc_empty_space height=&#8220;30px&#8220; height2=&#8220;30&#8243;][vc_column_text]<\/p>\n<ul>\n<li>Beltinci (Barockschloss, Kirche des Hl. Ladislav, Denkmal zum 100. Jahrestag der Vereinigung des \u00dcbermurgebiets mit dem Muttervolk)<\/li>\n<li>I\u017eakovci (Otok ljubezni \u2013 Insel der Liebe, Sandboot auf der Mur, schwimmende M\u00fchle)<\/li>\n<li>\u010cren\u0161ovci (Kirche der Kreuzfahrt)<\/li>\n<li>Gornja Bistrica (Oljarna Vu\u010dko \u2013 Vu\u010dko-\u00d6lfabrik)<\/li>\n<li>Gornja Bistrica (Kolenko M\u00fchle)<\/li>\n<li>Hotiza (Der Pilgerweg von Danijel Halas)<\/li>\n<li>Velika Polana (Das Geh\u00f6ft von Mi\u0161ko Kranjec und das Land der St\u00f6rche &#8211; Park)<\/li>\n<li>Mala Polana (Genossenschaft Pomelaj)<\/li>\n<li>Renkovci (LU\u0160Tna doma\u010dija &#8211; Geh\u00f6ft)<\/li>\n<li>Turni\u0161\u010de (Schuhmuseum)<\/li>\n<\/ul>\n<p>[\/vc_column_text][\/vc_column][\/vc_row][vc_row full_width=&#8220;stretch_row&#8220; gap=&#8220;yes&#8220; equal_height=&#8220;yes&#8220; overlay_color=&#8220;rgba(0,0,0,0.01)&#8220;][vc_column width=&#8220;1\/2&#8243; css=&#8220;.vc_custom_1495805682897{padding-top: 60px !important;padding-right: 60px !important;padding-bottom: 30px !important;padding-left: 60px !important;background-color: #ffffff !important;}&#8220;][vc_single_image image=&#8220;2076&#8243; img_size=&#8220;large&#8220; el_class=&#8220;hide-for-large&#8220;]<div class=\"text-left reda-page-header id_169e5e08f0fb152111922008 animate-text  \"><div class=\"reda-header  header-color\" style=\"color: ;\"><\/div><\/div>\n<h3>POT PO LENDAVI IN LENDAVSKIH GORICAH \u2013 Der Weg durch Lendava und Lendavske gorice<\/h3>\n<div class=\"custom-styles\" data-styles=\" .reda-page-header.id_169e5e08f0fb152111922008 .header-underline:after { background-color: ; }\"><\/div>[vc_empty_space height=&#8220;30px&#8220; height2=&#8220;30&#8243;][vc_column_text]<\/p>\n<ul>\n<li>Lendava (Vinarium Aussichtsturm)<\/li>\n<li>Lendava (Kapelica Sv. Trojice \u2013 Die Kapelle der Heiligen Dreifaltigkeit mit der Mumie von Mihael Hadik)<\/li>\n<li>Lendava (Hi\u0161a vina Cuk \u2013 Weinhaus)<\/li>\n<li>Lendava (Synagogue)<\/li>\n<li>Lendava (Schloss Lendava)<\/li>\n<li>Lendava (Theater- und Konzertsaal)<\/li>\n<\/ul>\n<p>[\/vc_column_text][\/vc_column][vc_column width=&#8220;1\/2&#8243; css=&#8220;.vc_custom_1620857455649{background-image: url(http:\/\/www.carda.si\/wp-content\/uploads\/2021\/03\/vinarium-lendava.jpg?id=1732) !important;background-position: center !important;background-repeat: no-repeat !important;background-size: cover !important;}&#8220; offset=&#8220;vc_hidden-xs&#8220;][\/vc_column][\/vc_row][vc_row full_width=&#8220;stretch_row&#8220; gap=&#8220;yes&#8220; equal_height=&#8220;yes&#8220; overlay_color=&#8220;rgba(0,0,0,0.01)&#8220;][vc_column width=&#8220;1\/2&#8243; css=&#8220;.vc_custom_1620857476483{background-image: url(http:\/\/www.carda.si\/wp-content\/uploads\/2021\/03\/vulkanija.jpg?id=1733) !important;background-position: center !important;background-repeat: no-repeat !important;background-size: cover !important;}&#8220; offset=&#8220;vc_hidden-xs&#8220;][\/vc_column][vc_column width=&#8220;1\/2&#8243; css=&#8220;.vc_custom_1495805682897{padding-top: 60px !important;padding-right: 60px !important;padding-bottom: 30px !important;padding-left: 60px !important;background-color: #ffffff !important;}&#8220;][vc_single_image image=&#8220;2077&#8243; img_size=&#8220;large&#8220; el_class=&#8220;hide-for-large&#8220;]<div class=\"text-left reda-page-header id_169e5e08f0fb30336611012 animate-text  \"><div class=\"reda-header  header-color\" style=\"color: ;\"><\/div><\/div>\n<h3>POT PO GORI\u010cKEM \u2013 Der Weg zur slowenisch-\u00f6sterreichischen Grenze<\/h3>\n<div class=\"custom-styles\" data-styles=\" .reda-page-header.id_169e5e08f0fb30336611012 .header-underline:after { background-color: ; }\"><\/div>[vc_empty_space height=&#8220;30px&#8220; height2=&#8220;30&#8243;][vc_column_text]<\/p>\n<ul>\n<li>Bodonci (Evangelistische Kirche)<\/li>\n<li>Grad (Vulkanija Abenteuerpark)<\/li>\n<li>Grad (Schloss und die Krajinski-Park Gori\u010dko \u00f6ffentliche Einrichtung \u2013 Regionalpark)<\/li>\n<li>Trdkova (Tromejnik)<\/li>\n<li>Serdica (\u010cebelji gradi\u010d \u2013 Bienenfarm)<\/li>\n<li>Sotina (Sotinski breg \u2013 Aussichtsturm Kugla)<\/li>\n<li>Sotina (Daj\u010d produkt \u2013 \u00d6lfabrik)<\/li>\n<li>Nuskova (Mineralwasser-Quelle)<\/li>\n<li>Roga\u0161ovci (Sadjarstvo Ficko &#8211; Obstbaubetrieb)<\/li>\n<li>Perto\u010da (Kirche der Heiligen Helena)<\/li>\n<li>Kra\u0161\u010di (Ledavsko jezero \u2013 See)<\/li>\n<\/ul>\n<p>[\/vc_column_text][\/vc_column][\/vc_row][vc_row full_width=&#8220;stretch_row&#8220; gap=&#8220;yes&#8220; equal_height=&#8220;yes&#8220; overlay_color=&#8220;rgba(0,0,0,0.01)&#8220;][vc_column width=&#8220;1\/2&#8243; css=&#8220;.vc_custom_1495805682897{padding-top: 60px !important;padding-right: 60px !important;padding-bottom: 30px !important;padding-left: 60px !important;background-color: #ffffff !important;}&#8220;][vc_single_image image=&#8220;2075&#8243; img_size=&#8220;large&#8220; el_class=&#8220;hide-for-large&#8220;]<div class=\"text-left reda-page-header id_169e5e08f0fb4a1699161396 animate-text  \"><div class=\"reda-header  header-color\" style=\"color: ;\"><\/div><\/div>\n<h3>POT PO GORI\u010cKEM \u2013 Der Weg zur slowenisch-ungarischen Grenze<\/h3>\n<div class=\"custom-styles\" data-styles=\" .reda-page-header.id_169e5e08f0fb4a1699161396 .header-underline:after { background-color: ; }\"><\/div>[vc_empty_space height=&#8220;30px&#8220; height2=&#8220;30&#8243;][vc_column_text]<\/p>\n<ul>\n<li>Selo (die Pilger-Rotunde des Heiligen Nikolaus)<\/li>\n<li>Ratkovci (Medi\u010darstvo Celec \u2013 Honigfabrik)<\/li>\n<li>Ratkovci (Sirarstvo Tinka \u2013 Milchviehbetrieb und -fabrik)<\/li>\n<li>Hodo\u0161 (Hodo\u0161ko jezero \u2013 See)<\/li>\n<li>\u0160alovci (Eko-socialna kmetija Korenika \u2013 \u00d6ko-Bauernhof Korenika)<\/li>\n<li>\u017denavlje (Gedenkst\u00e4tte, Stratosph\u00e4renballon)<\/li>\n<li>Ma\u010dkovci (Marof Weingut und Weinkeller)<\/li>\n<\/ul>\n<p>[\/vc_column_text][\/vc_column][vc_column width=&#8220;1\/2&#8243; css=&#8220;.vc_custom_1620857500161{background-image: url(http:\/\/www.carda.si\/wp-content\/uploads\/2021\/03\/rotunda-selo.jpg?id=1731) !important;background-position: center !important;background-repeat: no-repeat !important;background-size: cover !important;}&#8220; offset=&#8220;vc_hidden-xs&#8220;][\/vc_column][\/vc_row][vc_row][vc_column][vc_empty_space height=&#8220;120px&#8220; height2=&#8220;30&#8243;][\/vc_column][\/vc_row][vc_row][vc_column]<div class=\"text-left reda-page-header id_169e5e08f0fb671310394295 animate-text   vc_custom_1675338671419\"><div class=\"reda-header  header-color\" style=\"color: ;\"><\/div><\/div>\n<h3 style=\"text-align: center;\"><span style=\"line-height: 1.8em;\">und vieles mehr &#8230;<\/span><\/h3>\n<h3 style=\"text-align: center;\"><span style=\"line-height: 1.8em;\">Dies sind nur einige der beliebtesten touristischen Sehensw\u00fcrdigkeiten, Sie k\u00f6nnen aber gerne auch andere, weniger bekannte oder verborgene Orte des \u00dcbermurgebiets erkunden und die lokalen Speisen, Br\u00e4uche, Kultur und Dialekte kennenlernen.<\/span><\/h3>\n<h3 style=\"text-align: center;\"><span style=\"line-height: 1.8em;\">Das \u00dcbermurgebiet geht unter die Haut und weckt das Instinkt-Gef\u00fchl, dass man unbedingt in die Region (\u00abNest\u00bb) zur\u00fcckkehren muss. Vielleicht werden auch Sie, wie die \u00abSt\u00f6rche\u00bb, immer wieder zum selben \u00abNest\u00bb zur\u00fcckkehren, um die Sch\u00f6nheiten und Besonderheiten der Region wie auch die Gesellschaft der Menschen zu genie\u00dfen.<\/span><\/h3>\n<div class=\"custom-styles\" data-styles=\" .reda-page-header.id_169e5e08f0fb671310394295 .header-underline:after { background-color: ; }\"><\/div>[\/vc_column][\/vc_row][vc_row][vc_column][vc_empty_space height=&#8220;120px&#8220; height2=&#8220;30&#8243;][\/vc_column][\/vc_row]<\/p>","protected":false},"excerpt":{"rendered":"<p>[vc_row full_width=&#8220;stretch_row&#8220; equal_height=&#8220;yes&#8220; content_placement=&#8220;top&#8220; overlay_color=&#8220;rgba(0,0,0,0.01)&#8220; css=&#8220;.vc_custom_1496041705059{padding-top: 120px !important;}&#8220;][vc_column][vc_row_inner][vc_column_inner width=&#8220;1\/2&#8243;][vc_empty_space height=&#8220;60&#8243; height2=&#8220;30&#8243;][\/vc_column_inner][vc_column_inner width=&#8220;1\/2&#8243;][vc_empty_space height=&#8220;60&#8243; height2=&#8220;30&#8243;][vc_column_text css=&#8220;.vc_custom_1675338555047{margin-top: 0px !important;margin-left: 60px !important;}&#8220;]\u010carda ist der ideale Ausgangspunkt f\u00fcr Ausfl\u00fcge, wundersch\u00f6ne Abenteuer und Erkundungen des \u00dcbermurgebiets. In der Region finden Sie erholsame Wanderwege sowie einzigartige und leicht zu befahrene Radwege, die alle auch mit dem Auto erreichbar sind. Hier sind [&hellip;]<\/p>\n","protected":false},"author":1,"featured_media":0,"parent":0,"menu_order":6,"comment_status":"closed","ping_status":"closed","template":"","meta":{"_monsterinsights_skip_tracking":false,"_monsterinsights_sitenote_active":false,"_monsterinsights_sitenote_note":"","_monsterinsights_sitenote_category":0,"footnotes":""},"_links":{"self":[{"href":"https:\/\/www.carda.si\/de\/wp-json\/wp\/v2\/pages\/2072"}],"collection":[{"href":"https:\/\/www.carda.si\/de\/wp-json\/wp\/v2\/pages"}],"about":[{"href":"https:\/\/www.carda.si\/de\/wp-json\/wp\/v2\/types\/page"}],"author":[{"embeddable":true,"href":"https:\/\/www.carda.si\/de\/wp-json\/wp\/v2\/users\/1"}],"replies":[{"embeddable":true,"href":"https:\/\/www.carda.si\/de\/wp-json\/wp\/v2\/comments?post=2072"}],"version-history":[{"count":9,"href":"https:\/\/www.carda.si\/de\/wp-json\/wp\/v2\/pages\/2072\/revisions"}],"predecessor-version":[{"id":2122,"href":"https:\/\/www.carda.si\/de\/wp-json\/wp\/v2\/pages\/2072\/revisions\/2122"}],"wp:attachment":[{"href":"https:\/\/www.carda.si\/de\/wp-json\/wp\/v2\/media?parent=2072"}],"curies":[{"name":"wp","href":"https:\/\/api.w.org\/{rel}","templated":true}]}}