{"id":1928,"date":"2023-01-12T23:47:06","date_gmt":"2023-01-12T23:47:06","guid":{"rendered":"https:\/\/www.carda.si\/contacts\/"},"modified":"2025-08-29T06:57:06","modified_gmt":"2025-08-29T06:57:06","slug":"contacts","status":"publish","type":"page","link":"https:\/\/www.carda.si\/en\/contacts\/","title":{"rendered":"Contacts"},"content":{"rendered":"<p>[vc_row full_width=&#8221;stretch_row&#8221; equal_height=&#8221;yes&#8221; content_placement=&#8221;top&#8221; overlay_color=&#8221;rgba(0,0,0,0.01)&#8221; css=&#8221;.vc_custom_1495781352279{padding-top: 120px !important;}&#8221;][vc_column]<div class=\"text-left reda-page-header id_169e624e5bd7021533072784 animate-text  \"><div class=\"reda-header  header-color\" style=\"color: ;\"><\/div><\/div>\n<h1><span style=\"font-size: 140px;\">Contact us<\/span><\/h1>\n<div class=\"custom-styles\" data-styles=\" .reda-page-header.id_169e624e5bd7021533072784 .header-underline:after { background-color: ; }\"><\/div>[vc_row_inner][vc_column_inner width=&#8221;1\/2&#8243;][vc_empty_space height=&#8221;60&#8243; height2=&#8221;30&#8243;]<div class=\"text-left reda-page-header id_169e624e5bd76c130533297 animate-text   vc_custom_1620851407309\"><div class=\"reda-header  header-underline underline-50 header-color\" style=\"color: ;\"><\/div><\/div>\n<h3><span style=\"line-height: 1.8em;\">For additional or more detailed information, call or send us an e-mail. We will happily attend to your wishes and get back to you in the shortest time possible.<\/span><\/h3>\n<div class=\"custom-styles\" data-styles=\" .reda-page-header.id_169e624e5bd76c130533297 .header-underline:after { background-color: ; }\"><\/div>[\/vc_column_inner][vc_column_inner width=&#8221;1\/2&#8243;][vc_empty_space height=&#8221;60&#8243; height2=&#8221;30&#8243;][vc_column_text css=&#8221;.vc_custom_1620851414545{margin-top: 0px !important;margin-left: 60px !important;}&#8221;]Our \u201cnest\u201d (Restaurant &amp; Accommodation \u010carda) is located at the roundabout of the main road connecting Murska Sobota and Moravske Toplice. From here (just like the storks) you can easily explore all corners of Prekmurje.[\/vc_column_text][\/vc_column_inner][\/vc_row_inner][vc_empty_space height=&#8221;120px&#8221; height2=&#8221;30&#8243;][\/vc_column][\/vc_row][vc_row overlay_color=&#8221;rgba(0,0,0,0.01)&#8221;][vc_column]<div id=\"wrap_map_69e624e5bd97d\" class=\"map-wrapper \" style=\" height: 500px;\">\n\n\t\t\t<div id=\"map_69e624e5bd97d\" class=\"reda-google-map\"  style=\"height:500px;\">\n\t\t\t<\/div>\n\t\t<\/div><script type='text\/javascript'>\n\t\tjQuery(window).load(function(){\n\n\n\t\tvar map_map_69e624e5bd97d = null;\n\t\ttry\n\t\t{\t\t\t\n\t\t\tvar map_map_69e624e5bd97d = null;\n\t\t\tvar mapOptions = '';\n\t\t\tvar locations = [[\"46.6847797\",\"16.181803\"]];\n\t\t\tvar mapLocations = jQuery.extend({}, locations );\n\n\t\t\tmapOptions = \n\t\t\t{\n\t\t\t\tscaleControl: true,\n\t\t\t\tstreetViewControl: true,\n\t\t\t\tmapTypeControl: true,\n\t\t\t\tpanControl: true,\n\t\t\t\tzoomControl: true,\n\t\t\t\tscrollwheel: false,\n\t\t\t\t mapTypeControlOptions: {\n\t\t\t\t  \t\tmapTypeIds: [google.maps.MapTypeId.ROADMAP, 'map_style']\n\t\t\t\t\t}};var styles = [\n    {\n        \"featureType\": \"administrative.locality\",\n        \"elementType\": \"all\",\n        \"stylers\": [\n            {\n                \"hue\": \"#c79c60\"\n            },\n            {\n                \"saturation\": 7\n            },\n            {\n                \"lightness\": 19\n            },\n            {\n                \"visibility\": \"on\"\n            }\n        ]\n    },\n    {\n        \"featureType\": \"landscape\",\n        \"elementType\": \"all\",\n        \"stylers\": [\n            {\n                \"hue\": \"#ffffff\"\n            },\n            {\n                \"saturation\": -100\n            },\n            {\n                \"lightness\": 100\n            },\n            {\n                \"visibility\": \"simplified\"\n            }\n        ]\n    },\n    {\n        \"featureType\": \"poi\",\n        \"elementType\": \"all\",\n        \"stylers\": [\n            {\n                \"hue\": \"#ffffff\"\n            },\n            {\n                \"saturation\": -100\n            },\n            {\n                \"lightness\": 100\n            },\n            {\n                \"visibility\": \"off\"\n            }\n        ]\n    },\n    {\n        \"featureType\": \"road\",\n        \"elementType\": \"geometry\",\n        \"stylers\": [\n            {\n                \"hue\": \"#c79c60\"\n            },\n            {\n                \"saturation\": -52\n            },\n            {\n                \"lightness\": -10\n            },\n            {\n                \"visibility\": \"simplified\"\n            }\n        ]\n    },\n    {\n        \"featureType\": \"road\",\n        \"elementType\": \"labels\",\n        \"stylers\": [\n            {\n                \"hue\": \"#c79c60\"\n            },\n            {\n                \"saturation\": -93\n            },\n            {\n                \"lightness\": 31\n            },\n            {\n                \"visibility\": \"on\"\n            }\n        ]\n    },\n    {\n        \"featureType\": \"road.arterial\",\n        \"elementType\": \"labels\",\n        \"stylers\": [\n            {\n                \"hue\": \"#c79c60\"\n            },\n            {\n                \"saturation\": -93\n            },\n            {\n                \"lightness\": -2\n            },\n            {\n                \"visibility\": \"simplified\"\n            }\n        ]\n    },\n    {\n        \"featureType\": \"road.local\",\n        \"elementType\": \"geometry\",\n        \"stylers\": [\n            {\n                \"hue\": \"#c79c60\"\n            },\n            {\n                \"saturation\": -52\n            },\n            {\n                \"lightness\": -10\n            },\n            {\n                \"visibility\": \"simplified\"\n            }\n        ]\n    },\n    {\n        \"featureType\": \"transit\",\n        \"elementType\": \"all\",\n        \"stylers\": [\n            {\n                \"hue\": \"#c79c60\"\n            },\n            {\n                \"saturation\": 10\n            },\n            {\n                \"lightness\": 69\n            },\n            {\n                \"visibility\": \"on\"\n            }\n        ]\n    },\n    {\n        \"featureType\": \"water\",\n        \"elementType\": \"all\",\n        \"stylers\": [\n            {\n                \"hue\": \"#c79c60\"\n            },\n            {\n                \"saturation\": -78\n            },\n            {\n                \"lightness\": 67\n            },\n            {\n                \"visibility\": \"simplified\"\n            }\n        ]\n    }\n];\n\t\t\t\t\tvar styledMap = new google.maps.StyledMapType(styles,\n\t\t\t\t    \t{name: \"Styled Map\"});\n\t\t\t\t\tvar map_map_69e624e5bd97d = new google.maps.Map(document.getElementById('map_69e624e5bd97d'),mapOptions);map_map_69e624e5bd97d.mapTypes.set('map_style', styledMap);\n\t\t\t\t\t\t\t map_map_69e624e5bd97d.setMapTypeId('map_style');\n\t\t\tvar latLngBounds = new google.maps.LatLngBounds();\n\t\t\tjQuery.each(mapLocations, function(key, value) {\n\t\t\t\t\n\t\t\t\tvar markerImage = value.marker;\n\t\t\t\tvar latLng = new google.maps.LatLng(value[0], value[1]);\n\t\t\t\tlatLngBounds.extend(latLng);\n\n\t\t\t\tvar mapOptions = {\n\t\t\t\t\tposition: latLng,\n\t\t\t\t\tanimation:  google.maps.Animation.DROP,\n\t\t\t\t\tmap: map_map_69e624e5bd97d,\n\t\t\t\t\ticon: ''\n\t\t\t\t};\n\n\t\t\t\tvar marker = new google.maps.Marker(mapOptions);\n\n\t\t\t});\n\t\t\tmap_map_69e624e5bd97d.setZoom(1);\n\t\t\tmap_map_69e624e5bd97d.initialZoom = true;\n\t\t\tvar listener = google.maps.event.addListener(map_map_69e624e5bd97d, 'idle', function() {\n\t\t\t\tmap_map_69e624e5bd97d.fitBounds(latLngBounds);\n\t\t\t\tvar markers = Object.keys(mapLocations);\n\t\t\t\tvar markerCount = markers.length;\n\t\t\t\tmap_map_69e624e5bd97d.initialZoom = false;\n\t\t\t\tif(markerCount == 1) {\n\t\t\t\t\tmap_map_69e624e5bd97d.setZoom(10);\n\t\t\t\t}\n\t\t\t\tif(map_map_69e624e5bd97d.getZoom() > 15 && markerCount > 1) {\n\t\t\t\t\tmap_map_69e624e5bd97d.setZoom(16);\n\t\t\t\t}\n\t\t\t\tgoogle.maps.event.removeListener(listener);\n\t\t\t});\n\t\t\tjQuery(window).on('resize', function() {\n\t\t\t\tmap_map_69e624e5bd97d.fitBounds(latLngBounds);\n\t\t\t\tvar markers = Object.keys(mapLocations);\n\t\t\t\tvar markerCount = markers.length;\n\t\t\t\tmap_map_69e624e5bd97d.setZoom(map_map_69e624e5bd97d.getZoom() -1);\n\t\t\t\tmap_map_69e624e5bd97d.initialZoom = false;\n\t\t\t\tif(markerCount == 1) {\n\t\t\t\t\tmap_map_69e624e5bd97d.setZoom(10);\n\t\t\t\t}\n\t\t\t\tif(map_map_69e624e5bd97d.getZoom() > 15 && markerCount > 1) {\n\t\t\t\t\tmap_map_69e624e5bd97d.setZoom(16);\n\t\t\t\t}\n\t\t\t});\n\n\t\t}\n\t\tcatch(e){};\n\t\t});\n\t\t\n\t\t<\/script>[vc_empty_space height=&#8221;120px&#8221; height2=&#8221;30&#8243;][\/vc_column][\/vc_row][vc_row][vc_column width=&#8221;1\/3&#8243;]<div class=\"text-left reda-page-header id_169e624e5bda012001496742 animate-text   vc_custom_1673826233565\"><div class=\"reda-header  header-color\" style=\"color: ;\"><\/div><\/div>\n<h3>Contact information<\/h3>\n<div class=\"custom-styles\" data-styles=\" .reda-page-header.id_169e624e5bda012001496742 .header-underline:after { background-color: ; }\"><\/div>[vc_column_text]<strong>Restavracija in preno\u010di\u0161\u010da \u010cARDA d.o.o.<\/strong><br \/>\nNem\u010davci 39\/c<br \/>\nSI-9221 Martjanci<br \/>\nSlovenia<\/p>\n<p>Phone: <strong>+386 2 548 11 18<\/strong><br \/>\nMobile: <strong>+386 31 518 255<\/strong><br \/>\nE-mail: <a href=\"mailto:info@carda.si\"><strong>info@carda.si<\/strong><\/a><\/p>\n<p>Bank account: SI56 0400 0027 8498 872, OTP Bank<br \/>\nVAT ID: SI96032065<br \/>\nPIN: 8724512000[\/vc_column_text][\/vc_column][vc_column width=&#8221;1\/3&#8243;]<div class=\"text-left reda-page-header id_169e624e5bda271631728629 animate-text   vc_custom_1673826246315\"><div class=\"reda-header  header-color\" style=\"color: ;\"><\/div><\/div>\n<h3>Opening hours<\/h3>\n<div class=\"custom-styles\" data-styles=\" .reda-page-header.id_169e624e5bda271631728629 .header-underline:after { background-color: ; }\"><\/div>[vc_column_text]<strong>Monday:<\/strong> 8 a.m.-4 p.m.<br \/>\n<strong>Tuesday:<\/strong> 8 a.m.-4 p.m.<br \/>\n<strong>Wednesday:<\/strong> 8 a.m.-4 p.m.<br \/>\n<strong>Thursday:<\/strong> 8 a.m.-4 p.m.<br \/>\n<strong>Friday:<\/strong> 8 a.m.-6 p.m.<br \/>\n<strong>Saturday:<\/strong> 8 a.m.-10 p.m.<br \/>\n<strong>Sunday:<\/strong> 8 a.m.-6 p.m.<\/p>\n<p>For closed groups, working hours are adjusted to the event.[\/vc_column_text][\/vc_column][vc_column width=&#8221;1\/3&#8243;]<div class=\"text-left reda-page-header id_169e624e5bda461120172611 animate-text   vc_custom_1673826256965\"><div class=\"reda-header  header-color\" style=\"color: ;\"><\/div><\/div>\n<h3>Follow us<\/h3>\n<div class=\"custom-styles\" data-styles=\" .reda-page-header.id_169e624e5bda461120172611 .header-underline:after { background-color: ; }\"><\/div>[vc_column_text]<\/p>\n<p class=\"p1\"><span class=\"s1\">FOLLOW US ON SOCIAL MEDIA!<\/span><\/p>\n<p>[\/vc_column_text]<ul class=\"reda-social-profiles text-left\"><li class=\"profile accent-color\"><a href=\"https:\/\/www.facebook.com\/RestavracijaCarda\" style=\"font-size: 20px\" target=\"_blank\"><i class=\"fa fa-facebook\"><\/i><\/a><\/li><li class=\"profile accent-color\"><a href=\"https:\/\/www.instagram.com\/carda.si\/\" style=\"font-size: 20px\" target=\"_blank\"><i class=\"fa fa-instagram\"><\/i><\/a><\/li><\/ul><div class=\"custom-styles\" data-styles=\"\n\t\t\t.id_169e624e5bda67107047089.reda-shares .shares-icons li { color:  !important}\n\t\t\t\"><\/div>[\/vc_column][\/vc_row][vc_row][vc_column][vc_empty_space height=&#8221;120px&#8221; height2=&#8221;30&#8243;][\/vc_column][\/vc_row][vc_row][vc_column width=&#8221;1\/6&#8243;][\/vc_column][vc_column width=&#8221;2\/3&#8243;]<div class=\"text-left reda-page-header id_169e624e5bdca3841049947 animate-text  \"><div class=\"reda-header-top  accent-color header-color\" style=\"color: ;\">Contact us<\/div><\/div><div class=\"custom-styles\" data-styles=\" .reda-page-header.id_169e624e5bdca3841049947 .header-underline:after { background-color: ; }\"><\/div><div class=\"text-left reda-page-header id_169e624e5bdcc7322171534 animate-text  \"><div class=\"reda-header  header-color\" style=\"color: ;\"><\/div><\/div>\n<h1>Contacts<\/h1>\n<div class=\"custom-styles\" data-styles=\" .reda-page-header.id_169e624e5bdcc7322171534 .header-underline:after { background-color: ; }\"><\/div>[vc_empty_space height=&#8221;60px&#8221; height2=&#8221;30&#8243;]<style id=\"wpforms-css-vars-2208\">\n\t\t\t\t#wpforms-2208 {\n\t\t\t\t\n\t\t\t}\n\t\t\t<\/style><div class=\"wpforms-container wpforms-container-full wpforms-render-modern\" id=\"wpforms-2208\"><form id=\"wpforms-form-2208\" class=\"wpforms-validate wpforms-form wpforms-ajax-form\" data-formid=\"2208\" method=\"post\" enctype=\"multipart\/form-data\" action=\"\/en\/wp-json\/wp\/v2\/pages\/1928\" data-token=\"19fc8145cfd451c153f617205565d697\" data-token-time=\"1776690405\"><noscript class=\"wpforms-error-noscript\">Please enable JavaScript in your browser to complete this form.<\/noscript><div id=\"wpforms-error-noscript\" style=\"display: none;\">Please enable JavaScript in your browser to complete this form.<\/div><div class=\"wpforms-field-container\"><div id=\"wpforms-2208-field_3-container\" class=\"wpforms-field wpforms-field-name\" data-field-id=\"3\"><label class=\"wpforms-field-label\" for=\"wpforms-2208-field_3\">Name <span class=\"wpforms-required-label\" aria-hidden=\"true\">*<\/span><\/label><input type=\"text\" id=\"wpforms-2208-field_3\" class=\"wpforms-field-large wpforms-field-required\" name=\"wpforms[fields][3]\" aria-errormessage=\"wpforms-2208-field_3-error\" required\/><\/div><div id=\"wpforms-2208-field_1-container\" class=\"wpforms-field wpforms-field-email\" data-field-id=\"1\"><label class=\"wpforms-field-label\" for=\"wpforms-2208-field_1\">E-mail <span class=\"wpforms-required-label\" aria-hidden=\"true\">*<\/span><\/label><input type=\"email\" id=\"wpforms-2208-field_1\" class=\"wpforms-field-large wpforms-field-required\" name=\"wpforms[fields][1]\" spellcheck=\"false\" aria-errormessage=\"wpforms-2208-field_1-error\" required\/><\/div><div id=\"wpforms-2208-field_2-container\" class=\"wpforms-field wpforms-field-textarea\" data-field-id=\"2\"><label class=\"wpforms-field-label\" for=\"wpforms-2208-field_2\">Message<\/label><textarea id=\"wpforms-2208-field_2\" class=\"wpforms-field-medium\" name=\"wpforms[fields][2]\" aria-errormessage=\"wpforms-2208-field_2-error\"><\/textarea><\/div><\/div><!-- .wpforms-field-container --><div class=\"wpforms-submit-container\"><input type=\"hidden\" name=\"wpforms[id]\" value=\"2208\"\/><input type=\"hidden\" name=\"page_title\" value=\"\"\/><input type=\"hidden\" name=\"page_url\" value=\"https:\/\/www.carda.si\/en\/wp-json\/wp\/v2\/pages\/1928\"\/><input type=\"hidden\" name=\"url_referer\" value=\"\"\/><button type=\"submit\" name=\"wpforms[submit]\" id=\"wpforms-submit-2208\" class=\"wpforms-submit\" data-alt-text=\"Sending ...\" data-submit-text=\"Send\" aria-live=\"assertive\" value=\"wpforms-submit\">Send<\/button><img loading=\"lazy\" decoding=\"async\" src=\"https:\/\/www.carda.si\/wp-content\/plugins\/wpforms-lite\/assets\/images\/submit-spin.svg\" class=\"wpforms-submit-spinner\" style=\"display: none;\" width=\"26\" height=\"26\" alt=\"Loading\"\/><\/div><\/form><\/div>  <!-- .wpforms-container -->[vc_empty_space height=&#8221;120px&#8221; height2=&#8221;30&#8243;][\/vc_column][vc_column width=&#8221;1\/6&#8243;][\/vc_column][\/vc_row]<\/p>","protected":false},"excerpt":{"rendered":"<p>[vc_row full_width=&#8221;stretch_row&#8221; equal_height=&#8221;yes&#8221; content_placement=&#8221;top&#8221; overlay_color=&#8221;rgba(0,0,0,0.01)&#8221; css=&#8221;.vc_custom_1495781352279{padding-top: 120px !important;}&#8221;][vc_column][vc_row_inner][vc_column_inner width=&#8221;1\/2&#8243;][vc_empty_space height=&#8221;60&#8243; height2=&#8221;30&#8243;][\/vc_column_inner][vc_column_inner width=&#8221;1\/2&#8243;][vc_empty_space height=&#8221;60&#8243; height2=&#8221;30&#8243;][vc_column_text css=&#8221;.vc_custom_1620851414545{margin-top: 0px !important;margin-left: 60px !important;}&#8221;]Our \u201cnest\u201d (Restaurant &amp; Accommodation \u010carda) is located at the roundabout of the main road connecting Murska Sobota and Moravske Toplice. From here (just like the storks) you can easily explore all corners of Prekmurje.[\/vc_column_text][\/vc_column_inner][\/vc_row_inner][vc_empty_space height=&#8221;120px&#8221; height2=&#8221;30&#8243;][\/vc_column][\/vc_row][vc_row [&hellip;]<\/p>\n","protected":false},"author":1,"featured_media":0,"parent":0,"menu_order":7,"comment_status":"closed","ping_status":"closed","template":"","meta":{"_monsterinsights_skip_tracking":false,"_monsterinsights_sitenote_active":false,"_monsterinsights_sitenote_note":"","_monsterinsights_sitenote_category":0,"footnotes":""},"_links":{"self":[{"href":"https:\/\/www.carda.si\/en\/wp-json\/wp\/v2\/pages\/1928"}],"collection":[{"href":"https:\/\/www.carda.si\/en\/wp-json\/wp\/v2\/pages"}],"about":[{"href":"https:\/\/www.carda.si\/en\/wp-json\/wp\/v2\/types\/page"}],"author":[{"embeddable":true,"href":"https:\/\/www.carda.si\/en\/wp-json\/wp\/v2\/users\/1"}],"replies":[{"embeddable":true,"href":"https:\/\/www.carda.si\/en\/wp-json\/wp\/v2\/comments?post=1928"}],"version-history":[{"count":18,"href":"https:\/\/www.carda.si\/en\/wp-json\/wp\/v2\/pages\/1928\/revisions"}],"predecessor-version":[{"id":2001,"href":"https:\/\/www.carda.si\/en\/wp-json\/wp\/v2\/pages\/1928\/revisions\/2001"}],"wp:attachment":[{"href":"https:\/\/www.carda.si\/en\/wp-json\/wp\/v2\/media?parent=1928"}],"curies":[{"name":"wp","href":"https:\/\/api.w.org\/{rel}","templated":true}]}}