{"id":1972,"date":"2023-01-13T00:02:33","date_gmt":"2023-01-13T00:02:33","guid":{"rendered":"https:\/\/www.carda.si\/trips\/"},"modified":"2023-01-22T09:52:12","modified_gmt":"2023-01-22T09:52:12","slug":"trips","status":"publish","type":"page","link":"https:\/\/www.carda.si\/en\/trips\/","title":{"rendered":"Trips"},"content":{"rendered":"<p>[vc_row full_width=&#8221;stretch_row&#8221; equal_height=&#8221;yes&#8221; content_placement=&#8221;top&#8221; overlay_color=&#8221;rgba(0,0,0,0.01)&#8221; css=&#8221;.vc_custom_1496041705059{padding-top: 120px !important;}&#8221;][vc_column]<div class=\"text-left reda-page-header id_169e60de510a00797774800 animate-text  \"><div class=\"reda-header  header-color\" style=\"color: ;\"><\/div><\/div>\n<h1><span style=\"font-size: 140px;\">Explore<\/span><\/h1>\n<div class=\"custom-styles\" data-styles=\" .reda-page-header.id_169e60de510a00797774800 .header-underline:after { background-color: ; }\"><\/div><div class=\"text-left reda-page-header id_169e60de510a4e1207572384 animate-text   vc_custom_1614757913701\"><div class=\"reda-header  header-color\" style=\"color: ;\"><\/div><\/div>\n<h1><span style=\"font-size: 140px;\">Prekmurje<\/span><\/h1>\n<div class=\"custom-styles\" data-styles=\" .reda-page-header.id_169e60de510a4e1207572384 .header-underline:after { background-color: ; }\"><\/div>[vc_row_inner][vc_column_inner width=&#8221;1\/2&#8243;][vc_empty_space height=&#8221;60&#8243; height2=&#8221;30&#8243;]<div class=\"text-left reda-page-header id_169e60de510a742088816766 animate-text   vc_custom_1620851167887\"><div class=\"reda-header  header-color\" style=\"color: ;\"><\/div><\/div>\n<h3><span style=\"line-height: 1.8em;\">From our \u201cnest\u201d, the storks can fly to all corners of Prekmurje, and so can you.<\/span><\/h3>\n<div class=\"custom-styles\" data-styles=\" .reda-page-header.id_169e60de510a742088816766 .header-underline:after { background-color: ; }\"><\/div>[\/vc_column_inner][vc_column_inner width=&#8221;1\/2&#8243;][vc_empty_space height=&#8221;60&#8243; height2=&#8221;30&#8243;][vc_column_text css=&#8221;.vc_custom_1620851175371{margin-top: 0px !important;margin-left: 60px !important;}&#8221;]Due to its location, \u010carda is the perfect starting point for trips, wonderful adventures and explorations of Prekmurje. In the region you can find relaxing walking trails as well as unique and easy-to-conquer cycling tracks, which are all accessible by car. Here are some of our favorite trails and tracks:[\/vc_column_text][\/vc_column_inner][\/vc_row_inner][vc_empty_space height=&#8221;90px&#8221; height2=&#8221;30&#8243;][\/vc_column][\/vc_row][vc_row full_width=&#8221;stretch_row&#8221; gap=&#8221;yes&#8221; equal_height=&#8221;yes&#8221; overlay_color=&#8221;rgba(0,0,0,0.01)&#8221;][vc_column width=&#8221;1\/2&#8243; css=&#8221;.vc_custom_1495805682897{padding-top: 60px !important;padding-right: 60px !important;padding-bottom: 30px !important;padding-left: 60px !important;background-color: #ffffff !important;}&#8221;][vc_single_image image=&#8221;1973&#8243; img_size=&#8221;large&#8221; el_class=&#8221;hide-for-large&#8221;]<div class=\"text-left reda-page-header id_169e60de510a941975608318 animate-text  \"><div class=\"reda-header  header-color\" style=\"color: ;\"><\/div><\/div>\n<h3>POT PO RAVENSKEM &#8211; A flatland track that leads to Murska Sobota and Moravske Toplice<\/h3>\n<div class=\"custom-styles\" data-styles=\" .reda-page-header.id_169e60de510a941975608318 .header-underline:after { background-color: ; }\"><\/div>[vc_empty_space height=&#8221;30px&#8221; height2=&#8221;30&#8243;][vc_column_text]<\/p>\n<ul>\n<li>Murska Sobota (Expano Pavilion &#8211; The Gate into Prekmurje)<\/li>\n<li>Murska Sobota (town centre, park, castle, regional museum)<\/li>\n<li>Marki\u0161avci (\u0160unkarna Kodila &#8211; restaurant and butcher\u2019s shop)<\/li>\n<li>Martjanci (The Church of St. Martin)<\/li>\n<li>Raki\u010dan (RIS &#8211; Raki\u010dan\u2019s castle with an equestrian centre)<\/li>\n<li>Moravske Toplice (Terme Vivat, Terme 3000 &#8211; thermal spas and hotels)<\/li>\n<li>Moravske Toplice (Hi\u0161a Tara &#8211; inn with a chocolate factory)<\/li>\n<li>Te\u0161anovci (Posestvo Passero)<\/li>\n<li>Bogojina (\u00bbbela Ple\u010dnikova golobica\u00ab \u2012 The Church of the Lord\u2019s Ascention, a creation of the famous Slovenian architect Jo\u017ee Ple\u010dnik)<\/li>\n<li>Strehovci (Energy park at the Bukovnica Lake and Vid\u2019s spring)<\/li>\n<li>Dobrovnik (Ocean Orchids &#8211; tropical orchid garden)<\/li>\n<\/ul>\n<p>[\/vc_column_text][\/vc_column][vc_column width=&#8221;1\/2&#8243; css=&#8221;.vc_custom_1620857339409{background-image: url(http:\/\/www.carda.si\/wp-content\/uploads\/2021\/03\/expano.jpg?id=1729) !important;background-position: center !important;background-repeat: no-repeat !important;background-size: cover !important;}&#8221; offset=&#8221;vc_hidden-xs&#8221;][\/vc_column][\/vc_row][vc_row full_width=&#8221;stretch_row&#8221; gap=&#8221;yes&#8221; equal_height=&#8221;yes&#8221; overlay_color=&#8221;rgba(0,0,0,0.01)&#8221;][vc_column width=&#8221;1\/2&#8243; css=&#8221;.vc_custom_1620857396844{background-image: url(http:\/\/www.carda.si\/wp-content\/uploads\/2021\/03\/otok-ljubezni.jpg?id=1730) !important;background-position: center !important;background-repeat: no-repeat !important;background-size: cover !important;}&#8221; offset=&#8221;vc_hidden-xs&#8221;][\/vc_column][vc_column width=&#8221;1\/2&#8243; css=&#8221;.vc_custom_1495805682897{padding-top: 60px !important;padding-right: 60px !important;padding-bottom: 30px !important;padding-left: 60px !important;background-color: #ffffff !important;}&#8221;][vc_single_image image=&#8221;1974&#8243; img_size=&#8221;large&#8221; el_class=&#8221;hide-for-large&#8221;]<div class=\"text-left reda-page-header id_169e60de510ab11492386501 animate-text  \"><div class=\"reda-header  header-color\" style=\"color: ;\"><\/div><\/div>\n<h3>POT PO DOLINSKEM (Markovskem) &#8211; A valley track that leads to the Mura River and towards the Slovenian-Croatian border<\/h3>\n<div class=\"custom-styles\" data-styles=\" .reda-page-header.id_169e60de510ab11492386501 .header-underline:after { background-color: ; }\"><\/div>[vc_empty_space height=&#8221;30px&#8221; height2=&#8221;30&#8243;][vc_column_text]<\/p>\n<ul>\n<li>Beltinci (Baroque castle, Church of St. Ladislav, a monument commemorating the 100th anniversary of the unification of Prekmurje with the mother nation)<\/li>\n<li>I\u017eakovci (Otok ljubezni &#8211; Island of Love, feery boat on the Mura River, Floating Mill)<\/li>\n<li>\u010cren\u0161ovci (The Church of the Ascencion of the Holy Cross)<\/li>\n<li>Gornja Bistrica (Oljarna Vu\u010dko &#8211; Vu\u010dko oil factory)<\/li>\n<li>Gornja Bistrica (Kolenko Mill)<\/li>\n<li>Hotiza (The pilgramage path of Danijel Halas)<\/li>\n<li>Velika Polana (The homestead of Mi\u0161ko Kranjec and the Land of the Storks Park &#8211; De\u017eela \u0161torkelj)<\/li>\n<li>Mala Polana (Pomelaj cooperative)<\/li>\n<li>Renkovci (LU\u0160Tna doma\u010dija)<\/li>\n<li>Turni\u0161\u010de (Shoe Museum)<\/li>\n<\/ul>\n<p>[\/vc_column_text][\/vc_column][\/vc_row][vc_row full_width=&#8221;stretch_row&#8221; gap=&#8221;yes&#8221; equal_height=&#8221;yes&#8221; overlay_color=&#8221;rgba(0,0,0,0.01)&#8221;][vc_column width=&#8221;1\/2&#8243; css=&#8221;.vc_custom_1495805682897{padding-top: 60px !important;padding-right: 60px !important;padding-bottom: 30px !important;padding-left: 60px !important;background-color: #ffffff !important;}&#8221;][vc_single_image image=&#8221;1976&#8243; img_size=&#8221;large&#8221; el_class=&#8221;hide-for-large&#8221;]<div class=\"text-left reda-page-header id_169e60de510acb1899030179 animate-text  \"><div class=\"reda-header  header-color\" style=\"color: ;\"><\/div><\/div>\n<h3>POT PO LENDAVI IN LENDAVSKIH GORICAH &#8211; A track through Lendava and Lendavske gorice<\/h3>\n<div class=\"custom-styles\" data-styles=\" .reda-page-header.id_169e60de510acb1899030179 .header-underline:after { background-color: ; }\"><\/div>[vc_empty_space height=&#8221;30px&#8221; height2=&#8221;30&#8243;][vc_column_text]<\/p>\n<ul>\n<li>Lendava (Vinarium observation tower)<\/li>\n<li>Lendava (Kapelica Sv. Trojice &#8211; The Chapel of the Holy Thrinity with Mihael Hadik\u2019s mummy)<\/li>\n<li>Lendava (Hi\u0161a vina Cuk &#8211; wine house)<\/li>\n<li>Lendava (Synagogue)<\/li>\n<li>Lendava (Lendava Castle)<\/li>\n<li>Lendava (Theater and Concert Hall)<\/li>\n<\/ul>\n<p>[\/vc_column_text][\/vc_column][vc_column width=&#8221;1\/2&#8243; css=&#8221;.vc_custom_1620857455649{background-image: url(http:\/\/www.carda.si\/wp-content\/uploads\/2021\/03\/vinarium-lendava.jpg?id=1732) !important;background-position: center !important;background-repeat: no-repeat !important;background-size: cover !important;}&#8221; offset=&#8221;vc_hidden-xs&#8221;][\/vc_column][\/vc_row][vc_row full_width=&#8221;stretch_row&#8221; gap=&#8221;yes&#8221; equal_height=&#8221;yes&#8221; overlay_color=&#8221;rgba(0,0,0,0.01)&#8221;][vc_column width=&#8221;1\/2&#8243; css=&#8221;.vc_custom_1620857476483{background-image: url(http:\/\/www.carda.si\/wp-content\/uploads\/2021\/03\/vulkanija.jpg?id=1733) !important;background-position: center !important;background-repeat: no-repeat !important;background-size: cover !important;}&#8221; offset=&#8221;vc_hidden-xs&#8221;][\/vc_column][vc_column width=&#8221;1\/2&#8243; css=&#8221;.vc_custom_1495805682897{padding-top: 60px !important;padding-right: 60px !important;padding-bottom: 30px !important;padding-left: 60px !important;background-color: #ffffff !important;}&#8221;][vc_single_image image=&#8221;1977&#8243; img_size=&#8221;large&#8221; el_class=&#8221;hide-for-large&#8221;]<div class=\"text-left reda-page-header id_169e60de510ae5304660493 animate-text  \"><div class=\"reda-header  header-color\" style=\"color: ;\"><\/div><\/div>\n<h3>POT PO GORI\u010cKEM &#8211; A track towards the Slovenian-Austrian border<\/h3>\n<div class=\"custom-styles\" data-styles=\" .reda-page-header.id_169e60de510ae5304660493 .header-underline:after { background-color: ; }\"><\/div>[vc_empty_space height=&#8221;30px&#8221; height2=&#8221;30&#8243;][vc_column_text]<\/p>\n<ul>\n<li>Bodonci (Evangelist church)<\/li>\n<li>Grad (Vulkanija adventure park)<\/li>\n<li>Grad (Castle and the Krajinski park Gori\u010dko Public Institute &#8211; regional park)<\/li>\n<li>Trdkova (Tromejnik)<\/li>\n<li>Serdica (\u010cebelji gradi\u010d &#8211; bee farm)<\/li>\n<li>Sotina (Sotinski breg \u2013 Kugla observation tower)<\/li>\n<li>Sotina (Daj\u010d produkt &#8211; oil factory)<\/li>\n<li>Nuskova (sparkling water spring)<\/li>\n<li>Roga\u0161ovci (Sadjarstvo Ficko, fruit farm)<\/li>\n<li>Perto\u010da (Church of St. Helen)<\/li>\n<li>Kra\u0161\u010di (Ledavsko jezero &#8211; lake)<\/li>\n<\/ul>\n<p>[\/vc_column_text][\/vc_column][\/vc_row][vc_row full_width=&#8221;stretch_row&#8221; gap=&#8221;yes&#8221; equal_height=&#8221;yes&#8221; overlay_color=&#8221;rgba(0,0,0,0.01)&#8221;][vc_column width=&#8221;1\/2&#8243; css=&#8221;.vc_custom_1495805682897{padding-top: 60px !important;padding-right: 60px !important;padding-bottom: 30px !important;padding-left: 60px !important;background-color: #ffffff !important;}&#8221;][vc_single_image image=&#8221;1975&#8243; img_size=&#8221;large&#8221; el_class=&#8221;hide-for-large&#8221;]<div class=\"text-left reda-page-header id_169e60de510afe1325515868 animate-text  \"><div class=\"reda-header  header-color\" style=\"color: ;\"><\/div><\/div>\n<h3>POT PO GORI\u010cKEM &#8211; A track towards the Slovenian-Hungarian border<\/h3>\n<div class=\"custom-styles\" data-styles=\" .reda-page-header.id_169e60de510afe1325515868 .header-underline:after { background-color: ; }\"><\/div>[vc_empty_space height=&#8221;30px&#8221; height2=&#8221;30&#8243;][vc_column_text]<\/p>\n<ul>\n<li>Selo (St. Nicholas Rotunda)<\/li>\n<li>Ratkovci (Medi\u010darstvo Celec &#8211; honey factory)<\/li>\n<li>Ratkovci (Sirarstvo Tinka &#8211; dairy farm and factory)<\/li>\n<li>Hodo\u0161 (Hodo\u0161ko jezero &#8211; lake)<\/li>\n<li>\u0160alovci (Eko-socialna kmetija Korenika &#8211; eco farm)<\/li>\n<li>\u017denavlje (memorial, stratospheric balloon)<\/li>\n<li>Ma\u010dkovci (Marof estate and winery)<\/li>\n<\/ul>\n<p>[\/vc_column_text][\/vc_column][vc_column width=&#8221;1\/2&#8243; css=&#8221;.vc_custom_1620857500161{background-image: url(http:\/\/www.carda.si\/wp-content\/uploads\/2021\/03\/rotunda-selo.jpg?id=1731) !important;background-position: center !important;background-repeat: no-repeat !important;background-size: cover !important;}&#8221; offset=&#8221;vc_hidden-xs&#8221;][\/vc_column][\/vc_row][vc_row][vc_column][vc_empty_space height=&#8221;120px&#8221; height2=&#8221;30&#8243;][\/vc_column][\/vc_row][vc_row][vc_column]<div class=\"text-left reda-page-header id_169e60de510b1923433181 animate-text   vc_custom_1674381067726\"><div class=\"reda-header  header-color\" style=\"color: ;\"><\/div><\/div>\n<h3 style=\"text-align: center;\"><span style=\"line-height: 1.8em;\">AND MORE \u2026<\/span><\/h3>\n<h3 style=\"text-align: center;\"><span style=\"line-height: 1.8em;\">These are only some of Prekmurje&#8217;s most popular tourist spots. However, you are very welcome to explore other, less famous or more hidden parts of Prekmurje and get to know the local food, customs, culture and dialect. Prekmurje has a way of getting under people\u2019s skin and awakening the instinctive need to return to the region (\u201cnest\u201d). Perhaps you will become one of those \u201cstorks\u201d that keep returning to the same \u201cnest\u201d year after year in order to enjoy the region and the company of its locals.<\/span><\/h3>\n<div class=\"custom-styles\" data-styles=\" .reda-page-header.id_169e60de510b1923433181 .header-underline:after { background-color: ; }\"><\/div>[\/vc_column][\/vc_row][vc_row][vc_column][vc_empty_space height=&#8221;120px&#8221; height2=&#8221;30&#8243;][\/vc_column][\/vc_row]<\/p>","protected":false},"excerpt":{"rendered":"<p>[vc_row full_width=&#8221;stretch_row&#8221; equal_height=&#8221;yes&#8221; content_placement=&#8221;top&#8221; overlay_color=&#8221;rgba(0,0,0,0.01)&#8221; css=&#8221;.vc_custom_1496041705059{padding-top: 120px !important;}&#8221;][vc_column][vc_row_inner][vc_column_inner width=&#8221;1\/2&#8243;][vc_empty_space height=&#8221;60&#8243; height2=&#8221;30&#8243;][\/vc_column_inner][vc_column_inner width=&#8221;1\/2&#8243;][vc_empty_space height=&#8221;60&#8243; height2=&#8221;30&#8243;][vc_column_text css=&#8221;.vc_custom_1620851175371{margin-top: 0px !important;margin-left: 60px !important;}&#8221;]Due to its location, \u010carda is the perfect starting point for trips, wonderful adventures and explorations of Prekmurje. In the region you can find relaxing walking trails as well as unique and easy-to-conquer cycling tracks, which are [&hellip;]<\/p>\n","protected":false},"author":1,"featured_media":0,"parent":0,"menu_order":6,"comment_status":"closed","ping_status":"closed","template":"","meta":{"_monsterinsights_skip_tracking":false,"_monsterinsights_sitenote_active":false,"_monsterinsights_sitenote_note":"","_monsterinsights_sitenote_category":0,"footnotes":""},"_links":{"self":[{"href":"https:\/\/www.carda.si\/en\/wp-json\/wp\/v2\/pages\/1972"}],"collection":[{"href":"https:\/\/www.carda.si\/en\/wp-json\/wp\/v2\/pages"}],"about":[{"href":"https:\/\/www.carda.si\/en\/wp-json\/wp\/v2\/types\/page"}],"author":[{"embeddable":true,"href":"https:\/\/www.carda.si\/en\/wp-json\/wp\/v2\/users\/1"}],"replies":[{"embeddable":true,"href":"https:\/\/www.carda.si\/en\/wp-json\/wp\/v2\/comments?post=1972"}],"version-history":[{"count":6,"href":"https:\/\/www.carda.si\/en\/wp-json\/wp\/v2\/pages\/1972\/revisions"}],"predecessor-version":[{"id":2108,"href":"https:\/\/www.carda.si\/en\/wp-json\/wp\/v2\/pages\/1972\/revisions\/2108"}],"wp:attachment":[{"href":"https:\/\/www.carda.si\/en\/wp-json\/wp\/v2\/media?parent=1972"}],"curies":[{"name":"wp","href":"https:\/\/api.w.org\/{rel}","templated":true}]}}